{"id":23,"date":"2025-11-15T08:56:14","date_gmt":"2025-11-15T11:56:14","guid":{"rendered":"https:\/\/www.ccs.ufpb.br\/assadm\/?page_id=23"},"modified":"2025-11-15T08:57:33","modified_gmt":"2025-11-15T11:57:33","slug":"obras-e-reformas","status":"publish","type":"page","link":"https:\/\/www.ccs.ufpb.br\/assadm\/obras-e-reformas\/","title":{"rendered":"Obras e Reformas\u00a0"},"content":{"rendered":"\n<p>Solicita\u00e7\u00f5es de\u00a0<strong>obras ou reformas<\/strong>\u00a0devem ser realizadas por meio de\u00a0<strong>Processo Eletr\u00f4nico (SIPAC)<\/strong>\u00a0e devem acompanhar\u00a0<strong><a href=\"http:\/\/www.ccs.ufpb.br\/assadm\/wp-content\/uploads\/sites\/21\/sites\/418\/2025\/11\/1-documento-de-formalizacao-da-demanda-modelo.docx\">Documento de Formaliza\u00e7\u00e3o da Demanda (DFD)\u00a0<\/a><\/strong>com autoriza\u00e7\u00e3o da chefia departamental\u00a0e movimenta\u00e7\u00e3o inicial \u00e0 unidade CCS \u2013 DIRE\u00c7\u00c3O DE CENTRO (11.01.37.06).<\/p>\n\n\n\n<p>Caso a Dire\u00e7\u00e3o de Centro autorize a solicita\u00e7\u00e3o, ir\u00e1 despachar o processo para a unidade da Assessoria Administrativa para registro em controle interno e direcionamento da demanda para a Superintend\u00eancia de Infraestrutura (SINFRA) a fim de providenciar o atendimento.<\/p>\n\n\n\n<p>Obras e Reformas necessitam de elabora\u00e7\u00e3o de&nbsp;<strong>projeto arquitet\u00f4nico<\/strong>, elabora\u00e7\u00e3o de&nbsp;<strong>or\u00e7amento estimado,&nbsp;<\/strong>defini\u00e7\u00e3o do&nbsp;<strong>recurso financeiro<\/strong>&nbsp;e de&nbsp;<strong>licita\u00e7\u00e3o p\u00fablica<\/strong>&nbsp;para contrata\u00e7\u00e3o do servi\u00e7o.&nbsp;Logo, a Assessoria Administrativa do CCS n\u00e3o possui compet\u00eancia para dar previs\u00f5es sobre a execu\u00e7\u00e3o efetiva dos servi\u00e7os solicitados considerando a quantidade elevada de etapas necess\u00e1rias para sua conclus\u00e3o.<\/p>\n\n\n\n<p><strong>Aten\u00e7\u00e3o:<\/strong>&nbsp;atualmente&nbsp;<strong>n\u00e3o est\u00e3o<\/strong>&nbsp;sendo aceitos novos processos de&nbsp;<strong>Obras<\/strong>, considerando a quantidade elevada de obras paradas na Universidade. Logo, os processos com solicita\u00e7\u00f5es de novas obras que foram realizados ser\u00e3o devolvidos para a unidade solicitante com esta informa\u00e7\u00e3o.<\/p>\n","protected":false},"excerpt":{"rendered":"<p>Solicita\u00e7\u00f5es de\u00a0obras ou reformas\u00a0devem ser realizadas por meio de\u00a0Processo Eletr\u00f4nico (SIPAC)\u00a0e devem acompanhar\u00a0Documento de Formaliza\u00e7\u00e3o [&hellip;]<\/p>\n","protected":false},"author":47,"featured_media":0,"parent":0,"menu_order":0,"comment_status":"closed","ping_status":"closed","template":"","meta":{"footnotes":""},"class_list":["post-23","page","type-page","status-publish","hentry"],"_links":{"self":[{"href":"https:\/\/www.ccs.ufpb.br\/assadm\/wp-json\/wp\/v2\/pages\/23","targetHints":{"allow":["GET"]}}],"collection":[{"href":"https:\/\/www.ccs.ufpb.br\/assadm\/wp-json\/wp\/v2\/pages"}],"about":[{"href":"https:\/\/www.ccs.ufpb.br\/assadm\/wp-json\/wp\/v2\/types\/page"}],"author":[{"embeddable":true,"href":"https:\/\/www.ccs.ufpb.br\/assadm\/wp-json\/wp\/v2\/users\/47"}],"replies":[{"embeddable":true,"href":"https:\/\/www.ccs.ufpb.br\/assadm\/wp-json\/wp\/v2\/comments?post=23"}],"version-history":[{"count":2,"href":"https:\/\/www.ccs.ufpb.br\/assadm\/wp-json\/wp\/v2\/pages\/23\/revisions"}],"predecessor-version":[{"id":30,"href":"https:\/\/www.ccs.ufpb.br\/assadm\/wp-json\/wp\/v2\/pages\/23\/revisions\/30"}],"wp:attachment":[{"href":"https:\/\/www.ccs.ufpb.br\/assadm\/wp-json\/wp\/v2\/media?parent=23"}],"curies":[{"name":"wp","href":"https:\/\/api.w.org\/{rel}","templated":true}]}}