{"id":21,"date":"2025-11-15T08:55:43","date_gmt":"2025-11-15T11:55:43","guid":{"rendered":"https:\/\/www.ccs.ufpb.br\/assadm\/?page_id=21"},"modified":"2025-11-15T08:55:44","modified_gmt":"2025-11-15T11:55:44","slug":"quem-somos","status":"publish","type":"page","link":"https:\/\/www.ccs.ufpb.br\/assadm\/quem-somos\/","title":{"rendered":"Quem somos?"},"content":{"rendered":"\n<p class=\" \">A Assessoria Administrativa do Centro de Ci\u00eancias da Sa\u00fade (CCS) \u00e9 respons\u00e1vel pela&nbsp;<strong>gest\u00e3o da infraestrutura<\/strong>&nbsp;do centro e viabiliza\u00e7\u00e3o do atendimento das solicita\u00e7\u00f5es que envolvam a&nbsp;<strong>presta\u00e7\u00e3o de&nbsp;<\/strong><strong>servi\u00e7os<\/strong>&nbsp;de obras,&nbsp;reformas,&nbsp;manuten\u00e7\u00f5es e servi\u00e7os gerais&nbsp;junto \u00e0s Superintend\u00eancias da UFPB gestoras dos contratos de presta\u00e7\u00e3o de servi\u00e7os e suas ger\u00eancias respectivas.&nbsp;<\/p>\n\n\n\n<p class=\" \">Nossas principais compet\u00eancias est\u00e3o relacionadas \u00e0s atividades de&nbsp;<strong>assessoramento sobre servi\u00e7os<\/strong>,&nbsp;<strong>formaliza\u00e7\u00e3o das solicita\u00e7\u00f5es<\/strong>&nbsp;e&nbsp;<strong>controle de processos e requisi\u00e7\u00f5es<\/strong>.<\/p>\n\n\n\n<h3 class=\"wp-block-heading\"><strong>Objetivo<\/strong><\/h3>\n\n\n\n<p>A Assessoria Administrativa do CCS possui como objetivo a preserva\u00e7\u00e3o e melhoria cont\u00ednua da infraestrutura e dos servi\u00e7os prestados no Centro de Ci\u00eancias da Sa\u00fade atrav\u00e9s da abertura de requisi\u00e7\u00f5es de servi\u00e7os de manuten\u00e7\u00e3o junto a Superintend\u00eancia de Infraestrutura (SINFRA) e envio de processos eletr\u00f4nicos no caso de obras e reformas, buscando a adequa\u00e7\u00e3o da acessibilidade f\u00edsica e seguran\u00e7a dos ambientes para a comunidade acad\u00eamica.<\/p>\n\n\n\n<h3 class=\"wp-block-heading\">Informa\u00e7\u00e3o Importante<\/h3>\n\n\n\n<p>A Assessoria Administrativa&nbsp;<strong>n\u00e3o possui poder de execu\u00e7\u00e3o<\/strong>. Ou seja, n\u00e3o dispomos de m\u00e3o de obra especializada e nem de materiais para realiza\u00e7\u00e3o dos servi\u00e7os de manuten\u00e7\u00f5es ou de obras e reformas solicitados. Atuamos apenas como intermediadores, recebendo as solicita\u00e7\u00f5es e as encaminhando para as Superintend\u00eancias da UFPB da forma correta, a fim de que eles providenciem a execu\u00e7\u00e3o atrav\u00e9s dos contratos feitos com empresas terceirizadas para realiza\u00e7\u00e3o dos servi\u00e7os solicitados.<\/p>\n\n\n\n<h3 class=\"wp-block-heading\"><strong>Hor\u00e1rio de funcionamento<\/strong><\/h3>\n\n\n\n<p>O setor atende presencialmente e remotamente de&nbsp;<strong>segunda a sexta-feira<\/strong>&nbsp;entre o per\u00edodo das&nbsp;<strong>08:00 \u00e0s 12:00 e 13:00 \u00e0s 17:00<\/strong>.<\/p>\n\n\n\n<h3 class=\"wp-block-heading\"><strong>Contato<\/strong><\/h3>\n\n\n\n<p><strong>Ramal:<\/strong>&nbsp;7792<br><strong>Telefone (Whatsapp):<\/strong>&nbsp;(83) 3216-7792<br><strong>E-mail:<\/strong>&nbsp;assadmccs@gmail.com<\/p>\n","protected":false},"excerpt":{"rendered":"<p>A Assessoria Administrativa do Centro de Ci\u00eancias da Sa\u00fade (CCS) \u00e9 respons\u00e1vel pela&nbsp;gest\u00e3o da infraestrutura&nbsp;do [&hellip;]<\/p>\n","protected":false},"author":47,"featured_media":0,"parent":0,"menu_order":0,"comment_status":"closed","ping_status":"closed","template":"","meta":{"footnotes":""},"class_list":["post-21","page","type-page","status-publish","hentry"],"_links":{"self":[{"href":"https:\/\/www.ccs.ufpb.br\/assadm\/wp-json\/wp\/v2\/pages\/21","targetHints":{"allow":["GET"]}}],"collection":[{"href":"https:\/\/www.ccs.ufpb.br\/assadm\/wp-json\/wp\/v2\/pages"}],"about":[{"href":"https:\/\/www.ccs.ufpb.br\/assadm\/wp-json\/wp\/v2\/types\/page"}],"author":[{"embeddable":true,"href":"https:\/\/www.ccs.ufpb.br\/assadm\/wp-json\/wp\/v2\/users\/47"}],"replies":[{"embeddable":true,"href":"https:\/\/www.ccs.ufpb.br\/assadm\/wp-json\/wp\/v2\/comments?post=21"}],"version-history":[{"count":1,"href":"https:\/\/www.ccs.ufpb.br\/assadm\/wp-json\/wp\/v2\/pages\/21\/revisions"}],"predecessor-version":[{"id":22,"href":"https:\/\/www.ccs.ufpb.br\/assadm\/wp-json\/wp\/v2\/pages\/21\/revisions\/22"}],"wp:attachment":[{"href":"https:\/\/www.ccs.ufpb.br\/assadm\/wp-json\/wp\/v2\/media?parent=21"}],"curies":[{"name":"wp","href":"https:\/\/api.w.org\/{rel}","templated":true}]}}