{"id":19,"date":"2025-11-15T08:55:23","date_gmt":"2025-11-15T11:55:23","guid":{"rendered":"https:\/\/www.ccs.ufpb.br\/assadm\/?page_id=19"},"modified":"2025-11-15T08:55:23","modified_gmt":"2025-11-15T11:55:23","slug":"contato","status":"publish","type":"page","link":"https:\/\/www.ccs.ufpb.br\/assadm\/contato\/","title":{"rendered":"Contato"},"content":{"rendered":"\n<h3 class=\"wp-block-heading\"><strong>Hor\u00e1rio de funcionamento<\/strong><\/h3>\n\n\n\n<p>O setor atende presencialmente e remotamente de&nbsp;<strong>segunda a sexta-feira<\/strong>&nbsp;entre o per\u00edodo das&nbsp;<strong>08:00 \u00e0s 12:00 e 13:00 \u00e0s 17:00<\/strong>.<\/p>\n\n\n\n<h3 class=\"wp-block-heading\"><strong>Contato<\/strong><\/h3>\n\n\n\n<p><strong>Ramal:<\/strong>&nbsp;7792<br><strong>Telefone (Whatsapp):<\/strong>&nbsp;(83) 3216-7792<br><strong>E-mail:<\/strong>&nbsp;assadmccs@gmail.com<\/p>\n\n\n\n<p><\/p>\n","protected":false},"excerpt":{"rendered":"<p>Hor\u00e1rio de funcionamento O setor atende presencialmente e remotamente de&nbsp;segunda a sexta-feira&nbsp;entre o per\u00edodo das&nbsp;08:00 [&hellip;]<\/p>\n","protected":false},"author":47,"featured_media":0,"parent":0,"menu_order":0,"comment_status":"closed","ping_status":"closed","template":"","meta":{"footnotes":""},"class_list":["post-19","page","type-page","status-publish","hentry"],"_links":{"self":[{"href":"https:\/\/www.ccs.ufpb.br\/assadm\/wp-json\/wp\/v2\/pages\/19","targetHints":{"allow":["GET"]}}],"collection":[{"href":"https:\/\/www.ccs.ufpb.br\/assadm\/wp-json\/wp\/v2\/pages"}],"about":[{"href":"https:\/\/www.ccs.ufpb.br\/assadm\/wp-json\/wp\/v2\/types\/page"}],"author":[{"embeddable":true,"href":"https:\/\/www.ccs.ufpb.br\/assadm\/wp-json\/wp\/v2\/users\/47"}],"replies":[{"embeddable":true,"href":"https:\/\/www.ccs.ufpb.br\/assadm\/wp-json\/wp\/v2\/comments?post=19"}],"version-history":[{"count":1,"href":"https:\/\/www.ccs.ufpb.br\/assadm\/wp-json\/wp\/v2\/pages\/19\/revisions"}],"predecessor-version":[{"id":20,"href":"https:\/\/www.ccs.ufpb.br\/assadm\/wp-json\/wp\/v2\/pages\/19\/revisions\/20"}],"wp:attachment":[{"href":"https:\/\/www.ccs.ufpb.br\/assadm\/wp-json\/wp\/v2\/media?parent=19"}],"curies":[{"name":"wp","href":"https:\/\/api.w.org\/{rel}","templated":true}]}}